{"id":319,"date":"2016-07-21T20:58:49","date_gmt":"2016-07-21T19:58:49","guid":{"rendered":"https:\/\/kyriosministries.org\/staging\/?page_id=319"},"modified":"2024-03-18T12:30:05","modified_gmt":"2024-03-18T11:30:05","slug":"wer-wir-sind","status":"publish","type":"page","link":"https:\/\/kyriosministries.org\/en\/wer-wir-sind\/","title":{"rendered":"Who we are"},"content":{"rendered":"<div data-elementor-type=\"wp-page\" data-elementor-id=\"319\" class=\"elementor elementor-319\" data-elementor-post-type=\"page\">\n\t\t\t\t<div class=\"elementor-element elementor-element-c7312a8 e-flex e-con-boxed e-con e-parent\" data-id=\"c7312a8\" data-element_type=\"container\" data-e-type=\"container\">\n\t\t\t\t\t<div class=\"e-con-inner\">\n\t\t\t\t<div class=\"elementor-element elementor-element-4baa067 elementor-widget elementor-widget-heading\" data-id=\"4baa067\" data-element_type=\"widget\" data-e-type=\"widget\" data-widget_type=\"heading.default\">\n\t\t\t\t<div class=\"elementor-widget-container\">\n\t\t\t\t\t<style>.elementor-element-4baa067{display:none !important}<\/style>\t\t\t\t<\/div>\n\t\t\t\t<\/div>\n\t\t\t\t<div class=\"elementor-element elementor-element-b4e93e6 elementor-widget elementor-widget-heading\" data-id=\"b4e93e6\" data-element_type=\"widget\" data-e-type=\"widget\" data-widget_type=\"heading.default\">\n\t\t\t\t<div class=\"elementor-widget-container\">\n\t\t\t\t\t<h2 class=\"elementor-heading-title elementor-size-default\">Who we are<\/h2>\t\t\t\t<\/div>\n\t\t\t\t<\/div>\n\t\t\t\t<div class=\"elementor-element elementor-element-2af41f4 elementor-widget elementor-widget-text-editor\" data-id=\"2af41f4\" data-element_type=\"widget\" data-e-type=\"widget\" data-widget_type=\"text-editor.default\">\n\t\t\t\t<div class=\"elementor-widget-container\">\n\t\t\t\t\t<style>.elementor-element-2af41f4{display:none !important}<\/style>\t\t\t\t<\/div>\n\t\t\t\t<\/div>\n\t\t\t\t<div class=\"elementor-element elementor-element-36f9372 elementor-widget elementor-widget-text-editor\" data-id=\"36f9372\" data-element_type=\"widget\" data-e-type=\"widget\" data-widget_type=\"text-editor.default\">\n\t\t\t\t<div class=\"elementor-widget-container\">\n\t\t\t\t\t\t\t\t\t<p>Based out of Austria, Kyrios Ministries is an international collective of leaders who are committed to expanding the kingdom of God by living out their specific kingdom calling.<\/p><p>We do this through music, church planting, soccer, refugee ministry, hospitality, counseling, intercession, and other ministries.<\/p>\t\t\t\t\t\t\t\t<\/div>\n\t\t\t\t<\/div>\n\t\t\t\t<div class=\"elementor-element elementor-element-dc3199c elementor-widget elementor-widget-text-editor\" data-id=\"dc3199c\" data-element_type=\"widget\" data-e-type=\"widget\" data-widget_type=\"text-editor.default\">\n\t\t\t\t<div class=\"elementor-widget-container\">\n\t\t\t\t\t<style>.elementor-element-dc3199c{display:none !important}<\/style>\t\t\t\t<\/div>\n\t\t\t\t<\/div>\n\t\t\t\t<div class=\"elementor-element elementor-element-2539f69 elementor-widget elementor-widget-text-editor\" data-id=\"2539f69\" data-element_type=\"widget\" data-e-type=\"widget\" data-widget_type=\"text-editor.default\">\n\t\t\t\t<div class=\"elementor-widget-container\">\n\t\t\t\t\t\t\t\t\t<h3>What Does Kyrios Mean?<\/h3><p>Kyrios (k\u00fc\u2019-r\u0113-os) \u03ba\u03cd\u03c1\u03b9\u03bf\u03c2<\/p><p>\u00a0<\/p><p>Kyrios is a Greek word from the Bible that means:<\/p><p>a title of honour expressive of respect and reverence, with which servants greet their master<br \/>the title given to: God, the Messiah<br \/>to whom a person or thing belongs, about which he has power of deciding; master, lord<br \/>(definition from Strongs Bible Concordance)<\/p><p>Thus, Kyrios Ministries means \u201cthe Lord\u2019s Ministries\u201d.<\/p>\t\t\t\t\t\t\t\t<\/div>\n\t\t\t\t<\/div>\n\t\t\t\t\t<\/div>\n\t\t\t\t<\/div>\n\t\t\t\t<\/div>","protected":false},"excerpt":{"rendered":"<p>Wer wir sind Kyrios Ministries existiert als ein globales, Christus-zentriertes Team mit Fokus auf ganzheitliche J\u00fcngerschaft, welches sich als geistliche Familie daf\u00fcr einsetzt, das K\u00f6nigreich Gottes auf missionsorientierte und nat\u00fcrliche Weise voran zu bewegen und zu st\u00e4rken. Based out of Austria, Kyrios Ministries is an international collective of leaders who are committed to expanding the [&hellip;]<\/p>\n","protected":false},"author":2,"featured_media":0,"parent":0,"menu_order":1,"comment_status":"closed","ping_status":"closed","template":"","meta":{"slim_seo":{"title":"Wer wir sind - Kyrios Ministries","description":"Wer wir sind Kyrios Ministries existiert als ein globales, Christus-zentriertes Team mit Fokus auf ganzheitliche J\u00fcngerschaft, welches sich als geistliche Famil"},"footnotes":""},"class_list":["post-319","page","type-page","status-publish","hentry"],"_links":{"self":[{"href":"https:\/\/kyriosministries.org\/en\/wp-json\/wp\/v2\/pages\/319","targetHints":{"allow":["GET"]}}],"collection":[{"href":"https:\/\/kyriosministries.org\/en\/wp-json\/wp\/v2\/pages"}],"about":[{"href":"https:\/\/kyriosministries.org\/en\/wp-json\/wp\/v2\/types\/page"}],"author":[{"embeddable":true,"href":"https:\/\/kyriosministries.org\/en\/wp-json\/wp\/v2\/users\/2"}],"replies":[{"embeddable":true,"href":"https:\/\/kyriosministries.org\/en\/wp-json\/wp\/v2\/comments?post=319"}],"version-history":[{"count":3,"href":"https:\/\/kyriosministries.org\/en\/wp-json\/wp\/v2\/pages\/319\/revisions"}],"predecessor-version":[{"id":4059,"href":"https:\/\/kyriosministries.org\/en\/wp-json\/wp\/v2\/pages\/319\/revisions\/4059"}],"wp:attachment":[{"href":"https:\/\/kyriosministries.org\/en\/wp-json\/wp\/v2\/media?parent=319"}],"curies":[{"name":"wp","href":"https:\/\/api.w.org\/{rel}","templated":true}]}}