{"id":347,"date":"2016-07-21T21:12:53","date_gmt":"2016-07-21T21:12:53","guid":{"rendered":"https:\/\/kyriosministries.org\/staging\/?page_id=347"},"modified":"2025-03-19T16:40:52","modified_gmt":"2025-03-19T15:40:52","slug":"give","status":"publish","type":"page","link":"https:\/\/kyriosministries.org\/en\/give\/","title":{"rendered":"Give"},"content":{"rendered":"<div data-elementor-type=\"wp-page\" data-elementor-id=\"347\" class=\"elementor elementor-347\" data-elementor-post-type=\"page\">\n\t\t\t\t<div class=\"elementor-element elementor-element-056ef8b e-flex e-con-boxed e-con e-parent\" data-id=\"056ef8b\" data-element_type=\"container\" data-e-type=\"container\">\n\t\t\t\t\t<div class=\"e-con-inner\">\n\t\t\t\t<div class=\"elementor-element elementor-element-d42014a elementor-widget elementor-widget-heading\" data-id=\"d42014a\" data-element_type=\"widget\" data-e-type=\"widget\" data-widget_type=\"heading.default\">\n\t\t\t\t<div class=\"elementor-widget-container\">\n\t\t\t\t\t<h2 class=\"elementor-heading-title elementor-size-default\">Give<\/h2>\t\t\t\t<\/div>\n\t\t\t\t<\/div>\n\t\t<div class=\"elementor-element elementor-element-53b33b0 e-flex e-con-boxed e-con e-child\" data-id=\"53b33b0\" data-element_type=\"container\" data-e-type=\"container\" data-settings=\"{&quot;background_background&quot;:&quot;classic&quot;}\">\n\t\t\t\t\t<div class=\"e-con-inner\">\n\t\t\t\t<div class=\"elementor-element elementor-element-695c89d elementor-widget elementor-widget-text-editor\" data-id=\"695c89d\" data-element_type=\"widget\" data-e-type=\"widget\" data-widget_type=\"text-editor.default\">\n\t\t\t\t<div class=\"elementor-widget-container\">\n\t\t\t\t\t\t\t\t\t<p>Thank you for partnering with the Kyrios Team to bring new life. We appreciate you and your support.<\/p><p>You can donate online or by mail\/check. All donations to Kyrios Ministries Inc are tax deductible in the US under the IRS Code section 501(c)(3).<\/p>\t\t\t\t\t\t\t\t<\/div>\n\t\t\t\t<\/div>\n\t\t\t\t\t<\/div>\n\t\t\t\t<\/div>\n\t\t\t\t<div class=\"elementor-element elementor-element-d1fc49d elementor-widget elementor-widget-heading\" data-id=\"d1fc49d\" data-element_type=\"widget\" data-e-type=\"widget\" data-widget_type=\"heading.default\">\n\t\t\t\t<div class=\"elementor-widget-container\">\n\t\t\t\t\t<h2 class=\"elementor-heading-title elementor-size-default\">Donate online in Dollars or Euro<\/h2>\t\t\t\t<\/div>\n\t\t\t\t<\/div>\n\t\t\t\t<div class=\"elementor-element elementor-element-01e58d7 elementor-widget elementor-widget-text-editor\" data-id=\"01e58d7\" data-element_type=\"widget\" data-e-type=\"widget\" data-widget_type=\"text-editor.default\">\n\t\t\t\t<div class=\"elementor-widget-container\">\n\t\t\t\t\t\t\t\t\t<div class=\"x-container max width e347-e6 m9n-6 m9n-7\"><div class=\"x-column x-sm x-1-1 e347-e7 m9n-8\"><div class=\"x-text x-content e347-e9 m9n-a\"><p>Please select the appropriate designation option to give to the ministry of a specific person or ministry project.<\/p><\/div><\/div><\/div>\t\t\t\t\t\t\t\t<\/div>\n\t\t\t\t<\/div>\n\t\t\t\t<div class=\"elementor-element elementor-element-989cf4c elementor-widget elementor-widget-html\" data-id=\"989cf4c\" data-element_type=\"widget\" data-e-type=\"widget\" data-widget_type=\"html.default\">\n\t\t\t\t<div class=\"elementor-widget-container\">\n\t\t\t\t\t<script src=\"https:\/\/donorbox.org\/widget.js\" paypalExpress=\"true\"><\/script><iframe src=\"https:\/\/donorbox.org\/embed\/8faf31b7-df6a-4fdf-8927-baafa9b8bafc\" name=\"donorbox\" allowpaymentrequest=\"allowpaymentrequest\" seamless=\"seamless\" frameborder=\"0\" scrolling=\"no\" height=\"900px\" width=\"100%\" style=\"max-width: 500px; min-width: 250px; max-height:none!important\"><\/iframe><iframe src=\"https:\/\/donorbox.org\/embed\/euros\" name=\"donorbox\" allowpaymentrequest=\"allowpaymentrequest\" seamless=\"seamless\" frameborder=\"0\" scrolling=\"no\" height=\"900px\" width=\"100%\" style=\"max-width: 500px; min-width: 250px; max-height:none!important\"><\/iframe><script src=\"https:\/\/donorbox.org\/widget.js\" paypalExpress=\"true\"><\/script>\t\t\t\t<\/div>\n\t\t\t\t<\/div>\n\t\t\t\t<div class=\"elementor-element elementor-element-ec0b007 elementor-widget elementor-widget-heading\" data-id=\"ec0b007\" data-element_type=\"widget\" data-e-type=\"widget\" data-widget_type=\"heading.default\">\n\t\t\t\t<div class=\"elementor-widget-container\">\n\t\t\t\t\t<h2 class=\"elementor-heading-title elementor-size-default\">Donate online in Dollars or Euro<\/h2>\t\t\t\t<\/div>\n\t\t\t\t<\/div>\n\t\t\t\t<div class=\"elementor-element elementor-element-359dd7b elementor-widget elementor-widget-text-editor\" data-id=\"359dd7b\" data-element_type=\"widget\" data-e-type=\"widget\" data-widget_type=\"text-editor.default\">\n\t\t\t\t<div class=\"elementor-widget-container\">\n\t\t\t\t\t\t\t\t\t<div class=\"x-container max width e347-e6 m9n-6 m9n-7\"><div class=\"x-column x-sm x-1-1 e347-e7 m9n-8\"><div class=\"x-text x-content e347-e9 m9n-a\"><p>Please make all checks out to\u00a0<strong>Kyrios Ministries Inc.<\/strong>\u00a0Our non-profit account is with Heartland Credit Union. According to IRS regulations, please do not write in the memo portion of your check. If you would like your gift to go to a specific Kyrios Team member or a trip, please attach a post-it note to the check with the person\u2019s name or name of the project or missions trip. All donations to Kyrios Ministries Inc are tax deductible in the US under the IRS Code section 501(c)(3).<\/p><p><strong>Please send the check to our mailing address:<\/strong><br \/>Mike Diedrichsen<br \/>c\/o Kyrios Ministries, Inc.<br \/>820 Chestnut Ct.<br \/>Chatham, IL 62629<br \/>USA<\/p><\/div><\/div><\/div>\t\t\t\t\t\t\t\t<\/div>\n\t\t\t\t<\/div>\n\t\t\t\t\t<\/div>\n\t\t\t\t<\/div>\n\t\t\t\t<\/div>","protected":false},"excerpt":{"rendered":"<p>Spenden Danke, dass Sie mit dem Kyrios Team zusammenarbeiten, um neue Lebensqualit\u00e4t zu erm\u00f6glichen.Wir sch\u00e4tzen Sie und Ihre Unterst\u00fctzung. Spenden Sie online in Dollar oder Euro Bitte w\u00e4hlen Sie die entsprechende Option aus, wenn Sie f\u00fcr eine bestimmte Person oder ein bestimmtes Projekt spenden m\u00f6chten. Spenden Spenden innerhalb EuropasWenn Sie aus Deutschland f\u00fcr Danny und [&hellip;]<\/p>\n","protected":false},"author":2,"featured_media":0,"parent":0,"menu_order":4,"comment_status":"closed","ping_status":"closed","template":"","meta":{"slim_seo":{"title":"Spenden - Kyrios Ministries","description":"Spenden Danke, dass Sie mit dem Kyrios Team zusammenarbeiten, um neue Lebensqualit\u00e4t zu erm\u00f6glichen. Wir sch\u00e4tzen Sie und Ihre Unterst\u00fctzung. Spenden Sie online"},"footnotes":""},"class_list":["post-347","page","type-page","status-publish","hentry"],"_links":{"self":[{"href":"https:\/\/kyriosministries.org\/en\/wp-json\/wp\/v2\/pages\/347","targetHints":{"allow":["GET"]}}],"collection":[{"href":"https:\/\/kyriosministries.org\/en\/wp-json\/wp\/v2\/pages"}],"about":[{"href":"https:\/\/kyriosministries.org\/en\/wp-json\/wp\/v2\/types\/page"}],"author":[{"embeddable":true,"href":"https:\/\/kyriosministries.org\/en\/wp-json\/wp\/v2\/users\/2"}],"replies":[{"embeddable":true,"href":"https:\/\/kyriosministries.org\/en\/wp-json\/wp\/v2\/comments?post=347"}],"version-history":[{"count":33,"href":"https:\/\/kyriosministries.org\/en\/wp-json\/wp\/v2\/pages\/347\/revisions"}],"predecessor-version":[{"id":4126,"href":"https:\/\/kyriosministries.org\/en\/wp-json\/wp\/v2\/pages\/347\/revisions\/4126"}],"wp:attachment":[{"href":"https:\/\/kyriosministries.org\/en\/wp-json\/wp\/v2\/media?parent=347"}],"curies":[{"name":"wp","href":"https:\/\/api.w.org\/{rel}","templated":true}]}}